{"id":794,"date":"2023-02-10T09:00:01","date_gmt":"2023-02-10T09:00:01","guid":{"rendered":"https:\/\/hoteltimor.com\/standort-und-kontakt\/"},"modified":"2023-10-03T05:24:08","modified_gmt":"2023-10-03T05:24:08","slug":"standort-und-kontakt","status":"publish","type":"page","link":"https:\/\/hoteltimor.com\/de\/standort-und-kontakt\/","title":{"rendered":"STANDORT UND KONTAKT"},"content":{"rendered":"\t\t<div data-elementor-type=\"wp-page\" data-elementor-id=\"794\" class=\"elementor elementor-794 elementor-101\" data-elementor-post-type=\"page\">\n\t\t\t\t<div class=\"elementor-element elementor-element-313302d e-flex e-con-boxed e-con e-parent\" data-id=\"313302d\" data-element_type=\"container\" data-e-type=\"container\">\n\t\t\t\t\t<div class=\"e-con-inner\">\n\t\t\t\t<div class=\"elementor-element elementor-element-e8f2b94 elementor-widget elementor-widget-heading\" data-id=\"e8f2b94\" data-element_type=\"widget\" data-e-type=\"widget\" data-widget_type=\"heading.default\">\n\t\t\t\t<div class=\"elementor-widget-container\">\n\t\t\t\t\t<h1 class=\"elementor-heading-title elementor-size-default\">STANDORT UND KONTAKT<\/h1>\t\t\t\t<\/div>\n\t\t\t\t<\/div>\n\t\t\t\t<div class=\"elementor-element elementor-element-f680745 elementor-widget elementor-widget-text-editor\" data-id=\"f680745\" data-element_type=\"widget\" data-e-type=\"widget\" data-widget_type=\"text-editor.default\">\n\t\t\t\t<div class=\"elementor-widget-container\">\n\t\t\t\t\t\t\t\t\tDie perfekte Lage des Hotels Timor erm\u00f6glicht es Ihnen, alle Arten von Gesch\u00e4ften, Restaurants, eleganten Orten und vieles mehr zu genie\u00dfen. Nur 100 Meter vom Strand S&#8217;Arenal und 5 Minuten vom Flughafen Palma de Mallorca entfernt. Die beste Lage f\u00fcr Ihren Traumurlaub. \n\t\t\t\t\t\t\t\t<\/div>\n\t\t\t\t<\/div>\n\t\t\t\t\t<\/div>\n\t\t\t\t<\/div>\n\t\t<div class=\"elementor-element elementor-element-722ab4c e-con-full e-flex e-con e-parent\" data-id=\"722ab4c\" data-element_type=\"container\" data-e-type=\"container\">\n\t\t<div class=\"elementor-element elementor-element-cdd3e69 e-con-full e-flex e-con e-parent\" data-id=\"cdd3e69\" data-element_type=\"container\" data-e-type=\"container\">\n\t\t\t\t<div class=\"elementor-element elementor-element-03a5cb2 elementor-widget elementor-widget-google_maps\" data-id=\"03a5cb2\" data-element_type=\"widget\" data-e-type=\"widget\" data-widget_type=\"google_maps.default\">\n\t\t\t\t<div class=\"elementor-widget-container\">\n\t\t\t\t\t\t\t<div class=\"elementor-custom-embed\">\n\t\t\t<iframe loading=\"lazy\"\n\t\t\t\t\tsrc=\"https:\/\/maps.google.com\/maps?q=hotel%20timor&#038;t=m&#038;z=15&#038;output=embed&#038;iwloc=near\"\n\t\t\t\t\ttitle=\"hotel timor\"\n\t\t\t\t\taria-label=\"hotel timor\"\n\t\t\t><\/iframe>\n\t\t<\/div>\n\t\t\t\t\t\t<\/div>\n\t\t\t\t<\/div>\n\t\t\t\t<\/div>\n\t\t\t\t<\/div>\n\t\t<div class=\"elementor-element elementor-element-00f1d50 e-flex e-con-boxed e-con e-parent\" data-id=\"00f1d50\" data-element_type=\"container\" data-e-type=\"container\">\n\t\t\t\t\t<div class=\"e-con-inner\">\n\t\t<div class=\"elementor-element elementor-element-6e8d480 e-flex e-con-boxed e-con e-parent\" data-id=\"6e8d480\" data-element_type=\"container\" data-e-type=\"container\">\n\t\t\t\t\t<div class=\"e-con-inner\">\n\t\t\t\t<div class=\"elementor-element elementor-element-4bdd126 elementor-widget elementor-widget-heading\" data-id=\"4bdd126\" data-element_type=\"widget\" data-e-type=\"widget\" data-widget_type=\"heading.default\">\n\t\t\t\t<div class=\"elementor-widget-container\">\n\t\t\t\t\t<h3 class=\"elementor-heading-title elementor-size-default\">STANDORT<\/h3>\t\t\t\t<\/div>\n\t\t\t\t<\/div>\n\t\t\t\t<div class=\"elementor-element elementor-element-7ec9f62 elementor-align-start elementor-icon-list--layout-traditional elementor-list-item-link-full_width elementor-widget elementor-widget-icon-list\" data-id=\"7ec9f62\" data-element_type=\"widget\" data-e-type=\"widget\" data-widget_type=\"icon-list.default\">\n\t\t\t\t<div class=\"elementor-widget-container\">\n\t\t\t\t\t\t\t<ul class=\"elementor-icon-list-items\">\n\t\t\t\t\t\t\t<li class=\"elementor-icon-list-item\">\n\t\t\t\t\t\t\t\t\t\t\t<a href=\"https:\/\/goo.gl\/maps\/H1htoiPnuse1mTru6\" target=\"_blank\" rel=\"nofollow\">\n\n\t\t\t\t\t\t\t\t\t\t\t\t<span class=\"elementor-icon-list-icon\">\n\t\t\t\t\t\t\t<i aria-hidden=\"true\" class=\"fas fa-map-marker-alt\"><\/i>\t\t\t\t\t\t<\/span>\n\t\t\t\t\t\t\t\t\t\t<span class=\"elementor-icon-list-text\">Montemar, 12<br>07610 Palma de Mallorca <br>Islas Baleares (Spain)<\/span>\n\t\t\t\t\t\t\t\t\t\t\t<\/a>\n\t\t\t\t\t\t\t\t\t<\/li>\n\t\t\t\t\t\t<\/ul>\n\t\t\t\t\t\t<\/div>\n\t\t\t\t<\/div>\n\t\t\t\t<div class=\"elementor-element elementor-element-fea7512 elementor-widget elementor-widget-heading\" data-id=\"fea7512\" data-element_type=\"widget\" data-e-type=\"widget\" data-widget_type=\"heading.default\">\n\t\t\t\t<div class=\"elementor-widget-container\">\n\t\t\t\t\t<h3 class=\"elementor-heading-title elementor-size-default\">Kontakt<\/h3>\t\t\t\t<\/div>\n\t\t\t\t<\/div>\n\t\t\t\t<div class=\"elementor-element elementor-element-42435c6 elementor-align-start elementor-icon-list--layout-traditional elementor-list-item-link-full_width elementor-widget elementor-widget-icon-list\" data-id=\"42435c6\" data-element_type=\"widget\" data-e-type=\"widget\" data-widget_type=\"icon-list.default\">\n\t\t\t\t<div class=\"elementor-widget-container\">\n\t\t\t\t\t\t\t<ul class=\"elementor-icon-list-items\">\n\t\t\t\t\t\t\t<li class=\"elementor-icon-list-item\">\n\t\t\t\t\t\t\t\t\t\t\t<a href=\"tel:+34971263136\">\n\n\t\t\t\t\t\t\t\t\t\t\t\t<span class=\"elementor-icon-list-icon\">\n\t\t\t\t\t\t\t<i aria-hidden=\"true\" class=\"fas fa-phone-alt\"><\/i>\t\t\t\t\t\t<\/span>\n\t\t\t\t\t\t\t\t\t\t<span class=\"elementor-icon-list-text\">971 26 31 36<\/span>\n\t\t\t\t\t\t\t\t\t\t\t<\/a>\n\t\t\t\t\t\t\t\t\t<\/li>\n\t\t\t\t\t\t\t\t<li class=\"elementor-icon-list-item\">\n\t\t\t\t\t\t\t\t\t\t\t<a href=\"mailto:reservas.timor@hotelobelisco.com\">\n\n\t\t\t\t\t\t\t\t\t\t\t\t<span class=\"elementor-icon-list-icon\">\n\t\t\t\t\t\t\t<i aria-hidden=\"true\" class=\"far fa-envelope\"><\/i>\t\t\t\t\t\t<\/span>\n\t\t\t\t\t\t\t\t\t\t<span class=\"elementor-icon-list-text\">reservas.timor@hotelobelisco.com<\/span>\n\t\t\t\t\t\t\t\t\t\t\t<\/a>\n\t\t\t\t\t\t\t\t\t<\/li>\n\t\t\t\t\t\t<\/ul>\n\t\t\t\t\t\t<\/div>\n\t\t\t\t<\/div>\n\t\t\t\t<div class=\"elementor-element elementor-element-6680ef3 elementor-widget-divider--view-line elementor-widget elementor-widget-divider\" data-id=\"6680ef3\" data-element_type=\"widget\" data-e-type=\"widget\" data-widget_type=\"divider.default\">\n\t\t\t\t<div class=\"elementor-widget-container\">\n\t\t\t\t\t\t\t<div class=\"elementor-divider\">\n\t\t\t<span class=\"elementor-divider-separator\">\n\t\t\t\t\t\t<\/span>\n\t\t<\/div>\n\t\t\t\t\t\t<\/div>\n\t\t\t\t<\/div>\n\t\t\t\t\t<\/div>\n\t\t\t\t<\/div>\n\t\t<div class=\"elementor-element elementor-element-ac45833 e-flex e-con-boxed e-con e-parent\" data-id=\"ac45833\" data-element_type=\"container\" data-e-type=\"container\">\n\t\t\t\t\t<div class=\"e-con-inner\">\n\t\t\t\t<div class=\"elementor-element elementor-element-27acecf elementor-widget elementor-widget-heading\" data-id=\"27acecf\" data-element_type=\"widget\" data-e-type=\"widget\" data-widget_type=\"heading.default\">\n\t\t\t\t<div class=\"elementor-widget-container\">\n\t\t\t\t\t<h3 class=\"elementor-heading-title elementor-size-default\">Kontakt Formular<\/h3>\t\t\t\t<\/div>\n\t\t\t\t<\/div>\n\t\t\t\t<div class=\"elementor-element elementor-element-2842978 elementor-button-align-start elementor-widget elementor-widget-form\" data-id=\"2842978\" data-element_type=\"widget\" data-e-type=\"widget\" data-settings=\"{&quot;step_next_label&quot;:&quot;Siguiente&quot;,&quot;step_previous_label&quot;:&quot;Anterior&quot;,&quot;button_width&quot;:&quot;100&quot;,&quot;step_type&quot;:&quot;number_text&quot;,&quot;step_icon_shape&quot;:&quot;circle&quot;}\" data-widget_type=\"form.default\">\n\t\t\t\t<div class=\"elementor-widget-container\">\n\t\t\t\t\t\t\t<form class=\"elementor-form\" method=\"post\" name=\"Nuevo formulario\" aria-label=\"Nuevo formulario\">\n\t\t\t<input type=\"hidden\" name=\"post_id\" value=\"794\"\/>\n\t\t\t<input type=\"hidden\" name=\"form_id\" value=\"2842978\"\/>\n\t\t\t<input type=\"hidden\" name=\"referer_title\" value=\"STANDORT UND KONTAKT - Hotel Timor\" \/>\n\n\t\t\t\t\t\t\t<input type=\"hidden\" name=\"queried_id\" value=\"794\"\/>\n\t\t\t\n\t\t\t<div class=\"elementor-form-fields-wrapper elementor-labels-\">\n\t\t\t\t\t\t\t\t<div class=\"elementor-field-type-text elementor-field-group elementor-column elementor-field-group-name elementor-col-50 elementor-field-required\">\n\t\t\t\t\t\t\t\t\t\t\t\t<label for=\"form-field-name\" class=\"elementor-field-label elementor-screen-only\">\n\t\t\t\t\t\t\t\tName\t\t\t\t\t\t\t<\/label>\n\t\t\t\t\t\t\t\t\t\t\t\t\t\t<input size=\"1\" type=\"text\" name=\"form_fields[name]\" id=\"form-field-name\" class=\"elementor-field elementor-size-sm  elementor-field-textual\" placeholder=\"Name\" required=\"required\">\n\t\t\t\t\t\t\t\t\t\t\t<\/div>\n\t\t\t\t\t\t\t\t<div class=\"elementor-field-type-email elementor-field-group elementor-column elementor-field-group-email elementor-col-50 elementor-field-required\">\n\t\t\t\t\t\t\t\t\t\t\t\t<label for=\"form-field-email\" class=\"elementor-field-label elementor-screen-only\">\n\t\t\t\t\t\t\t\tEmail\t\t\t\t\t\t\t<\/label>\n\t\t\t\t\t\t\t\t\t\t\t\t\t\t<input size=\"1\" type=\"email\" name=\"form_fields[email]\" id=\"form-field-email\" class=\"elementor-field elementor-size-sm  elementor-field-textual\" placeholder=\"Email\" required=\"required\">\n\t\t\t\t\t\t\t\t\t\t\t<\/div>\n\t\t\t\t\t\t\t\t<div class=\"elementor-field-type-textarea elementor-field-group elementor-column elementor-field-group-message elementor-col-100\">\n\t\t\t\t\t\t\t\t\t\t\t\t<label for=\"form-field-message\" class=\"elementor-field-label elementor-screen-only\">\n\t\t\t\t\t\t\t\tNachricht\t\t\t\t\t\t\t<\/label>\n\t\t\t\t\t\t<textarea class=\"elementor-field-textual elementor-field  elementor-size-sm\" name=\"form_fields[message]\" id=\"form-field-message\" rows=\"4\" placeholder=\"Nachricht\"><\/textarea>\t\t\t\t<\/div>\n\t\t\t\t\t\t\t\t<div class=\"elementor-field-type-acceptance elementor-field-group elementor-column elementor-field-group-field_ab31a49 elementor-col-100 elementor-field-required\">\n\t\t\t\t\t\t\t<div class=\"elementor-field-subgroup\">\n\t\t\t<span class=\"elementor-field-option\">\n\t\t\t\t<input type=\"checkbox\" name=\"form_fields[field_ab31a49]\" id=\"form-field-field_ab31a49\" class=\"elementor-field elementor-size-sm  elementor-acceptance-field\" required=\"required\">\n\t\t\t\t<label for=\"form-field-field_ab31a49\">Ich habe die <a href=\"#\">Datenschutz<\/a>- und <a href=\"#\">Datenschutzerkl\u00e4rung<\/a> gelesen und akzeptiere sie.<\/label>\t\t\t<\/span>\n\t\t<\/div>\n\t\t\t\t\t\t<\/div>\n\t\t\t\t\t\t\t\t<div class=\"elementor-field-group elementor-column elementor-field-type-submit elementor-col-100 e-form__buttons\">\n\t\t\t\t\t<button class=\"elementor-button elementor-size-sm\" type=\"submit\">\n\t\t\t\t\t\t<span class=\"elementor-button-content-wrapper\">\n\t\t\t\t\t\t\t\t\t\t\t\t\t\t\t\t\t\t\t\t\t\t<span class=\"elementor-button-text\">Schicken<\/span>\n\t\t\t\t\t\t\t\t\t\t\t\t\t<\/span>\n\t\t\t\t\t<\/button>\n\t\t\t\t<\/div>\n\t\t\t<\/div>\n\t\t<\/form>\n\t\t\t\t\t\t<\/div>\n\t\t\t\t<\/div>\n\t\t\t\t\t<\/div>\n\t\t\t\t<\/div>\n\t\t\t\t\t<\/div>\n\t\t\t\t<\/div>\n\t\t\t\t<\/div>\n\t\t","protected":false},"excerpt":{"rendered":"<p>Die perfekte Lage des Hotels Timor erm\u00f6glicht es Ihnen, alle Arten von Gesch\u00e4ften, Restaurants, eleganten Orten und vieles mehr zu genie\u00dfen. Nur 100 Meter vom Strand S&#8217;Arenal und 5 Minuten vom Flughafen Palma de Mallorca entfernt. Die beste Lage f\u00fcr Ihren Traumurlaub. STANDORT Montemar, 1207610 Palma de Mallorca Islas Baleares (Spain) Kontakt 971 26 31 [&hellip;]<\/p>\n","protected":false},"author":1,"featured_media":0,"parent":0,"menu_order":0,"comment_status":"closed","ping_status":"closed","template":"","meta":{"_acf_changed":false,"footnotes":""},"class_list":["post-794","page","type-page","status-publish","hentry"],"acf":[],"yoast_head":"<!-- This site is optimized with the Yoast SEO plugin v27.4 - https:\/\/yoast.com\/product\/yoast-seo-wordpress\/ -->\n<title>STANDORT UND KONTAKT - Hotel Timor<\/title>\n<meta name=\"robots\" content=\"index, follow, max-snippet:-1, max-image-preview:large, max-video-preview:-1\" \/>\n<link rel=\"canonical\" href=\"https:\/\/hoteltimor.com\/de\/standort-und-kontakt\/\" \/>\n<meta property=\"og:locale\" content=\"de_DE\" \/>\n<meta property=\"og:type\" content=\"article\" \/>\n<meta property=\"og:title\" content=\"STANDORT UND KONTAKT - Hotel Timor\" \/>\n<meta property=\"og:description\" content=\"Die perfekte Lage des Hotels Timor erm\u00f6glicht es Ihnen, alle Arten von Gesch\u00e4ften, Restaurants, eleganten Orten und vieles mehr zu genie\u00dfen. Nur 100 Meter vom Strand S&#8217;Arenal und 5 Minuten vom Flughafen Palma de Mallorca entfernt. Die beste Lage f\u00fcr Ihren Traumurlaub. STANDORT Montemar, 1207610 Palma de Mallorca Islas Baleares (Spain) Kontakt 971 26 31 [&hellip;]\" \/>\n<meta property=\"og:url\" content=\"https:\/\/hoteltimor.com\/de\/standort-und-kontakt\/\" \/>\n<meta property=\"og:site_name\" content=\"Hotel Timor\" \/>\n<meta property=\"article:modified_time\" content=\"2023-10-03T05:24:08+00:00\" \/>\n<meta name=\"twitter:card\" content=\"summary_large_image\" \/>\n<script type=\"application\/ld+json\" class=\"yoast-schema-graph\">{\"@context\":\"https:\\\/\\\/schema.org\",\"@graph\":[{\"@type\":\"WebPage\",\"@id\":\"https:\\\/\\\/hoteltimor.com\\\/de\\\/standort-und-kontakt\\\/\",\"url\":\"https:\\\/\\\/hoteltimor.com\\\/de\\\/standort-und-kontakt\\\/\",\"name\":\"STANDORT UND KONTAKT - Hotel Timor\",\"isPartOf\":{\"@id\":\"https:\\\/\\\/hoteltimor.com\\\/en\\\/#website\"},\"datePublished\":\"2023-02-10T09:00:01+00:00\",\"dateModified\":\"2023-10-03T05:24:08+00:00\",\"breadcrumb\":{\"@id\":\"https:\\\/\\\/hoteltimor.com\\\/de\\\/standort-und-kontakt\\\/#breadcrumb\"},\"inLanguage\":\"de\",\"potentialAction\":[{\"@type\":\"ReadAction\",\"target\":[\"https:\\\/\\\/hoteltimor.com\\\/de\\\/standort-und-kontakt\\\/\"]}]},{\"@type\":\"BreadcrumbList\",\"@id\":\"https:\\\/\\\/hoteltimor.com\\\/de\\\/standort-und-kontakt\\\/#breadcrumb\",\"itemListElement\":[{\"@type\":\"ListItem\",\"position\":1,\"name\":\"Portada\",\"item\":\"https:\\\/\\\/hoteltimor.com\\\/de\\\/home-2023\\\/\"},{\"@type\":\"ListItem\",\"position\":2,\"name\":\"STANDORT UND KONTAKT\"}]},{\"@type\":\"WebSite\",\"@id\":\"https:\\\/\\\/hoteltimor.com\\\/en\\\/#website\",\"url\":\"https:\\\/\\\/hoteltimor.com\\\/en\\\/\",\"name\":\"Hotel Timor\",\"description\":\"Hotel situado en Playa de Palma.\",\"publisher\":{\"@id\":\"https:\\\/\\\/hoteltimor.com\\\/en\\\/#organization\"},\"potentialAction\":[{\"@type\":\"SearchAction\",\"target\":{\"@type\":\"EntryPoint\",\"urlTemplate\":\"https:\\\/\\\/hoteltimor.com\\\/en\\\/?s={search_term_string}\"},\"query-input\":{\"@type\":\"PropertyValueSpecification\",\"valueRequired\":true,\"valueName\":\"search_term_string\"}}],\"inLanguage\":\"de\"},{\"@type\":\"Organization\",\"@id\":\"https:\\\/\\\/hoteltimor.com\\\/en\\\/#organization\",\"name\":\"Hotel Timor\",\"url\":\"https:\\\/\\\/hoteltimor.com\\\/en\\\/\",\"logo\":{\"@type\":\"ImageObject\",\"inLanguage\":\"de\",\"@id\":\"https:\\\/\\\/hoteltimor.com\\\/en\\\/#\\\/schema\\\/logo\\\/image\\\/\",\"url\":\"https:\\\/\\\/hoteltimor.com\\\/wp-content\\\/uploads\\\/2023\\\/02\\\/hotel-timor-logo-white.png\",\"contentUrl\":\"https:\\\/\\\/hoteltimor.com\\\/wp-content\\\/uploads\\\/2023\\\/02\\\/hotel-timor-logo-white.png\",\"width\":191,\"height\":38,\"caption\":\"Hotel Timor\"},\"image\":{\"@id\":\"https:\\\/\\\/hoteltimor.com\\\/en\\\/#\\\/schema\\\/logo\\\/image\\\/\"}}]}<\/script>\n<!-- \/ Yoast SEO plugin. -->","yoast_head_json":{"title":"STANDORT UND KONTAKT - Hotel Timor","robots":{"index":"index","follow":"follow","max-snippet":"max-snippet:-1","max-image-preview":"max-image-preview:large","max-video-preview":"max-video-preview:-1"},"canonical":"https:\/\/hoteltimor.com\/de\/standort-und-kontakt\/","og_locale":"de_DE","og_type":"article","og_title":"STANDORT UND KONTAKT - Hotel Timor","og_description":"Die perfekte Lage des Hotels Timor erm\u00f6glicht es Ihnen, alle Arten von Gesch\u00e4ften, Restaurants, eleganten Orten und vieles mehr zu genie\u00dfen. Nur 100 Meter vom Strand S&#8217;Arenal und 5 Minuten vom Flughafen Palma de Mallorca entfernt. Die beste Lage f\u00fcr Ihren Traumurlaub. STANDORT Montemar, 1207610 Palma de Mallorca Islas Baleares (Spain) Kontakt 971 26 31 [&hellip;]","og_url":"https:\/\/hoteltimor.com\/de\/standort-und-kontakt\/","og_site_name":"Hotel Timor","article_modified_time":"2023-10-03T05:24:08+00:00","twitter_card":"summary_large_image","schema":{"@context":"https:\/\/schema.org","@graph":[{"@type":"WebPage","@id":"https:\/\/hoteltimor.com\/de\/standort-und-kontakt\/","url":"https:\/\/hoteltimor.com\/de\/standort-und-kontakt\/","name":"STANDORT UND KONTAKT - Hotel Timor","isPartOf":{"@id":"https:\/\/hoteltimor.com\/en\/#website"},"datePublished":"2023-02-10T09:00:01+00:00","dateModified":"2023-10-03T05:24:08+00:00","breadcrumb":{"@id":"https:\/\/hoteltimor.com\/de\/standort-und-kontakt\/#breadcrumb"},"inLanguage":"de","potentialAction":[{"@type":"ReadAction","target":["https:\/\/hoteltimor.com\/de\/standort-und-kontakt\/"]}]},{"@type":"BreadcrumbList","@id":"https:\/\/hoteltimor.com\/de\/standort-und-kontakt\/#breadcrumb","itemListElement":[{"@type":"ListItem","position":1,"name":"Portada","item":"https:\/\/hoteltimor.com\/de\/home-2023\/"},{"@type":"ListItem","position":2,"name":"STANDORT UND KONTAKT"}]},{"@type":"WebSite","@id":"https:\/\/hoteltimor.com\/en\/#website","url":"https:\/\/hoteltimor.com\/en\/","name":"Hotel Timor","description":"Hotel situado en Playa de Palma.","publisher":{"@id":"https:\/\/hoteltimor.com\/en\/#organization"},"potentialAction":[{"@type":"SearchAction","target":{"@type":"EntryPoint","urlTemplate":"https:\/\/hoteltimor.com\/en\/?s={search_term_string}"},"query-input":{"@type":"PropertyValueSpecification","valueRequired":true,"valueName":"search_term_string"}}],"inLanguage":"de"},{"@type":"Organization","@id":"https:\/\/hoteltimor.com\/en\/#organization","name":"Hotel Timor","url":"https:\/\/hoteltimor.com\/en\/","logo":{"@type":"ImageObject","inLanguage":"de","@id":"https:\/\/hoteltimor.com\/en\/#\/schema\/logo\/image\/","url":"https:\/\/hoteltimor.com\/wp-content\/uploads\/2023\/02\/hotel-timor-logo-white.png","contentUrl":"https:\/\/hoteltimor.com\/wp-content\/uploads\/2023\/02\/hotel-timor-logo-white.png","width":191,"height":38,"caption":"Hotel Timor"},"image":{"@id":"https:\/\/hoteltimor.com\/en\/#\/schema\/logo\/image\/"}}]}},"_links":{"self":[{"href":"https:\/\/hoteltimor.com\/de\/wp-json\/wp\/v2\/pages\/794","targetHints":{"allow":["GET"]}}],"collection":[{"href":"https:\/\/hoteltimor.com\/de\/wp-json\/wp\/v2\/pages"}],"about":[{"href":"https:\/\/hoteltimor.com\/de\/wp-json\/wp\/v2\/types\/page"}],"author":[{"embeddable":true,"href":"https:\/\/hoteltimor.com\/de\/wp-json\/wp\/v2\/users\/1"}],"replies":[{"embeddable":true,"href":"https:\/\/hoteltimor.com\/de\/wp-json\/wp\/v2\/comments?post=794"}],"version-history":[{"count":5,"href":"https:\/\/hoteltimor.com\/de\/wp-json\/wp\/v2\/pages\/794\/revisions"}],"predecessor-version":[{"id":1366,"href":"https:\/\/hoteltimor.com\/de\/wp-json\/wp\/v2\/pages\/794\/revisions\/1366"}],"wp:attachment":[{"href":"https:\/\/hoteltimor.com\/de\/wp-json\/wp\/v2\/media?parent=794"}],"curies":[{"name":"wp","href":"https:\/\/api.w.org\/{rel}","templated":true}]}}