{"id":798,"date":"2023-02-13T08:16:33","date_gmt":"2023-02-13T08:16:33","guid":{"rendered":"https:\/\/hoteltimor.com\/okun-sky-restaurant\/"},"modified":"2023-04-04T08:21:47","modified_gmt":"2023-04-04T08:21:47","slug":"okun-sky-restaurant","status":"publish","type":"page","link":"https:\/\/hoteltimor.com\/de\/okun-sky-restaurant\/","title":{"rendered":"OKUN Sky Restaurant"},"content":{"rendered":"\t\t<div data-elementor-type=\"wp-page\" data-elementor-id=\"798\" class=\"elementor elementor-798 elementor-174\" data-elementor-post-type=\"page\">\n\t\t\t\t<div class=\"elementor-element elementor-element-9d8a752 e-flex e-con-boxed e-con e-parent\" data-id=\"9d8a752\" data-element_type=\"container\" data-e-type=\"container\" data-settings=\"{&quot;background_background&quot;:&quot;classic&quot;}\">\n\t\t\t\t\t<div class=\"e-con-inner\">\n\t\t\t\t<div class=\"elementor-element elementor-element-9f1a891 elementor-widget elementor-widget-heading\" data-id=\"9f1a891\" data-element_type=\"widget\" data-e-type=\"widget\" data-widget_type=\"heading.default\">\n\t\t\t\t<div class=\"elementor-widget-container\">\n\t\t\t\t\t<h1 class=\"elementor-heading-title elementor-size-default\">In diesem Juwel des Hotels Obelisco k\u00f6nnen Sie eine luxuri\u00f6se mediterrane Gastronomie, individuell zusammengestellte Cocktails und Gin Tonics sowie einen herrlichen Blick auf Palma und die gesamte Bucht genie\u00dfen.\n<\/h1>\t\t\t\t<\/div>\n\t\t\t\t<\/div>\n\t\t\t\t<div class=\"elementor-element elementor-element-ddd1135 elementor-widget elementor-widget-image\" data-id=\"ddd1135\" data-element_type=\"widget\" data-e-type=\"widget\" data-widget_type=\"image.default\">\n\t\t\t\t<div class=\"elementor-widget-container\">\n\t\t\t\t\t\t\t\t\t\t\t\t\t\t\t<img fetchpriority=\"high\" decoding=\"async\" width=\"512\" height=\"259\" src=\"https:\/\/hoteltimor.com\/wp-content\/uploads\/2023\/02\/hotel-obelisco-restaurante-okun-playa-de-palma.jpg\" class=\"attachment-medium_large size-medium_large wp-image-592\" alt=\"\" srcset=\"https:\/\/hoteltimor.com\/wp-content\/uploads\/2023\/02\/hotel-obelisco-restaurante-okun-playa-de-palma.jpg 512w, https:\/\/hoteltimor.com\/wp-content\/uploads\/2023\/02\/hotel-obelisco-restaurante-okun-playa-de-palma-300x152.jpg 300w\" sizes=\"(max-width: 512px) 100vw, 512px\" \/>\t\t\t\t\t\t\t\t\t\t\t\t\t\t\t<\/div>\n\t\t\t\t<\/div>\n\t\t\t\t\t<\/div>\n\t\t\t\t<\/div>\n\t\t<div class=\"elementor-element elementor-element-e7cd0f2 e-flex e-con-boxed e-con e-parent\" data-id=\"e7cd0f2\" data-element_type=\"container\" data-e-type=\"container\">\n\t\t\t\t\t<div class=\"e-con-inner\">\n\t\t<div class=\"elementor-element elementor-element-b30a6f2 e-con-full e-flex e-con e-parent\" data-id=\"b30a6f2\" data-element_type=\"container\" data-e-type=\"container\">\n\t\t\t\t<div class=\"elementor-element elementor-element-cd68ba6 elementor-widget elementor-widget-image\" data-id=\"cd68ba6\" data-element_type=\"widget\" data-e-type=\"widget\" data-widget_type=\"image.default\">\n\t\t\t\t<div class=\"elementor-widget-container\">\n\t\t\t\t\t\t\t\t\t\t\t\t\t\t\t<img decoding=\"async\" width=\"800\" height=\"534\" src=\"https:\/\/hoteltimor.com\/wp-content\/uploads\/2023\/02\/hotel-obelisco-restaurante-okun-playa-de-palma-rooftop-01-1024x683.jpg\" class=\"attachment-large size-large wp-image-594\" alt=\"\" srcset=\"https:\/\/hoteltimor.com\/wp-content\/uploads\/2023\/02\/hotel-obelisco-restaurante-okun-playa-de-palma-rooftop-01-1024x683.jpg 1024w, https:\/\/hoteltimor.com\/wp-content\/uploads\/2023\/02\/hotel-obelisco-restaurante-okun-playa-de-palma-rooftop-01-300x200.jpg 300w, https:\/\/hoteltimor.com\/wp-content\/uploads\/2023\/02\/hotel-obelisco-restaurante-okun-playa-de-palma-rooftop-01-768x512.jpg 768w, https:\/\/hoteltimor.com\/wp-content\/uploads\/2023\/02\/hotel-obelisco-restaurante-okun-playa-de-palma-rooftop-01-1536x1024.jpg 1536w, https:\/\/hoteltimor.com\/wp-content\/uploads\/2023\/02\/hotel-obelisco-restaurante-okun-playa-de-palma-rooftop-01.jpg 1920w\" sizes=\"(max-width: 800px) 100vw, 800px\" \/>\t\t\t\t\t\t\t\t\t\t\t\t\t\t\t<\/div>\n\t\t\t\t<\/div>\n\t\t\t\t<\/div>\n\t\t<div class=\"elementor-element elementor-element-24c49c6 e-con-full e-flex e-con e-parent\" data-id=\"24c49c6\" data-element_type=\"container\" data-e-type=\"container\">\n\t\t\t\t<div class=\"elementor-element elementor-element-03ab031 elementor-widget elementor-widget-heading\" data-id=\"03ab031\" data-element_type=\"widget\" data-e-type=\"widget\" data-widget_type=\"heading.default\">\n\t\t\t\t<div class=\"elementor-widget-container\">\n\t\t\t\t\t<h3 class=\"elementor-heading-title elementor-size-default\">OKUN Sky Restaurant<\/h3>\t\t\t\t<\/div>\n\t\t\t\t<\/div>\n\t\t\t\t<div class=\"elementor-element elementor-element-1e5f2ef elementor-widget elementor-widget-text-editor\" data-id=\"1e5f2ef\" data-element_type=\"widget\" data-e-type=\"widget\" data-widget_type=\"text-editor.default\">\n\t\t\t\t<div class=\"elementor-widget-container\">\n\t\t\t\t\t\t\t\t\t<p>Das Restaurant OKUN ist auf mediterrane K\u00fcche spezialisiert und bietet Ihnen die M\u00f6glichkeit, den Strand von Palma aus einer anderen Perspektive zu entdecken, w\u00e4hrend Sie einen authentischen kulinarischen Luxus genie\u00dfen. Hier k\u00f6nnen Sie ein perfektes Essen mit einer traumhaften Chill-out-Nacht verbinden. <\/p>\n\t\t\t\t\t\t\t\t<\/div>\n\t\t\t\t<\/div>\n\t\t\t\t<div class=\"elementor-element elementor-element-fa43ed2 elementor-widget elementor-widget-button\" data-id=\"fa43ed2\" data-element_type=\"widget\" data-e-type=\"widget\" data-widget_type=\"button.default\">\n\t\t\t\t<div class=\"elementor-widget-container\">\n\t\t\t\t\t\t\t\t\t<div class=\"elementor-button-wrapper\">\n\t\t\t\t\t<a class=\"elementor-button elementor-button-link elementor-size-sm\" href=\"https:\/\/okun.es\/\" target=\"_blank\">\n\t\t\t\t\t\t<span class=\"elementor-button-content-wrapper\">\n\t\t\t\t\t\t\t\t\t<span class=\"elementor-button-text\">Reservieren Sie Ihren Tisch<\/span>\n\t\t\t\t\t<\/span>\n\t\t\t\t\t<\/a>\n\t\t\t\t<\/div>\n\t\t\t\t\t\t\t\t<\/div>\n\t\t\t\t<\/div>\n\t\t\t\t<\/div>\n\t\t\t\t\t<\/div>\n\t\t\t\t<\/div>\n\t\t<div class=\"elementor-element elementor-element-5366a22 e-flex e-con-boxed e-con e-parent\" data-id=\"5366a22\" data-element_type=\"container\" data-e-type=\"container\">\n\t\t\t\t\t<div class=\"e-con-inner\">\n\t\t<div class=\"elementor-element elementor-element-9af0040 e-con-full e-flex e-con e-parent\" data-id=\"9af0040\" data-element_type=\"container\" data-e-type=\"container\">\n\t\t\t\t<div class=\"elementor-element elementor-element-b1f3256 elementor-widget elementor-widget-heading\" data-id=\"b1f3256\" data-element_type=\"widget\" data-e-type=\"widget\" data-widget_type=\"heading.default\">\n\t\t\t\t<div class=\"elementor-widget-container\">\n\t\t\t\t\t<h3 class=\"elementor-heading-title elementor-size-default\">OKUN Bar<\/h3>\t\t\t\t<\/div>\n\t\t\t\t<\/div>\n\t\t\t\t<div class=\"elementor-element elementor-element-55f5144 elementor-widget elementor-widget-text-editor\" data-id=\"55f5144\" data-element_type=\"widget\" data-e-type=\"widget\" data-widget_type=\"text-editor.default\">\n\t\t\t\t<div class=\"elementor-widget-container\">\n\t\t\t\t\t\t\t\t\t<p>Genie\u00dfen Sie Ihren Lieblingscocktail in einem optimalen Rahmen. Auf einer Terrasse mit raffiniertem und coolem Design, auf der Sie mit Ihren Freunden, zu zweit oder allein bei einem der sch\u00f6nsten Sonnenunterg\u00e4nge Mallorcas abschalten k\u00f6nnen. <\/p>\n\t\t\t\t\t\t\t\t<\/div>\n\t\t\t\t<\/div>\n\t\t\t\t<div class=\"elementor-element elementor-element-9ce6be1 elementor-widget elementor-widget-button\" data-id=\"9ce6be1\" data-element_type=\"widget\" data-e-type=\"widget\" data-widget_type=\"button.default\">\n\t\t\t\t<div class=\"elementor-widget-container\">\n\t\t\t\t\t\t\t\t\t<div class=\"elementor-button-wrapper\">\n\t\t\t\t\t<a class=\"elementor-button elementor-button-link elementor-size-sm\" href=\"https:\/\/okun.es\/\" target=\"_blank\">\n\t\t\t\t\t\t<span class=\"elementor-button-content-wrapper\">\n\t\t\t\t\t\t\t\t\t<span class=\"elementor-button-text\">Reservieren Sie Ihren Tisch<\/span>\n\t\t\t\t\t<\/span>\n\t\t\t\t\t<\/a>\n\t\t\t\t<\/div>\n\t\t\t\t\t\t\t\t<\/div>\n\t\t\t\t<\/div>\n\t\t\t\t<\/div>\n\t\t<div class=\"elementor-element elementor-element-0036382 e-con-full e-flex e-con e-parent\" data-id=\"0036382\" data-element_type=\"container\" data-e-type=\"container\">\n\t\t\t\t<div class=\"elementor-element elementor-element-99afe59 elementor-widget elementor-widget-image\" data-id=\"99afe59\" data-element_type=\"widget\" data-e-type=\"widget\" data-widget_type=\"image.default\">\n\t\t\t\t<div class=\"elementor-widget-container\">\n\t\t\t\t\t\t\t\t\t\t\t\t\t\t\t<img decoding=\"async\" width=\"800\" height=\"534\" src=\"https:\/\/hoteltimor.com\/wp-content\/uploads\/2023\/02\/hotel-obelisco-restaurante-okun-playa-de-palma-rooftop-02-1024x683.jpg\" class=\"attachment-large size-large wp-image-596\" alt=\"\" srcset=\"https:\/\/hoteltimor.com\/wp-content\/uploads\/2023\/02\/hotel-obelisco-restaurante-okun-playa-de-palma-rooftop-02-1024x683.jpg 1024w, https:\/\/hoteltimor.com\/wp-content\/uploads\/2023\/02\/hotel-obelisco-restaurante-okun-playa-de-palma-rooftop-02-300x200.jpg 300w, https:\/\/hoteltimor.com\/wp-content\/uploads\/2023\/02\/hotel-obelisco-restaurante-okun-playa-de-palma-rooftop-02-768x512.jpg 768w, https:\/\/hoteltimor.com\/wp-content\/uploads\/2023\/02\/hotel-obelisco-restaurante-okun-playa-de-palma-rooftop-02.jpg 1200w\" sizes=\"(max-width: 800px) 100vw, 800px\" \/>\t\t\t\t\t\t\t\t\t\t\t\t\t\t\t<\/div>\n\t\t\t\t<\/div>\n\t\t\t\t<\/div>\n\t\t\t\t\t<\/div>\n\t\t\t\t<\/div>\n\t\t<div class=\"elementor-element elementor-element-b00e874 e-flex e-con-boxed e-con e-parent\" data-id=\"b00e874\" data-element_type=\"container\" data-e-type=\"container\">\n\t\t\t\t\t<div class=\"e-con-inner\">\n\t\t\t\t<div class=\"elementor-element elementor-element-738b70e elementor-widget elementor-widget-gallery\" data-id=\"738b70e\" data-element_type=\"widget\" data-e-type=\"widget\" data-settings=\"{&quot;columns&quot;:3,&quot;gap&quot;:{&quot;unit&quot;:&quot;px&quot;,&quot;size&quot;:30,&quot;sizes&quot;:[]},&quot;gap_tablet&quot;:{&quot;unit&quot;:&quot;px&quot;,&quot;size&quot;:20,&quot;sizes&quot;:[]},&quot;gap_mobile&quot;:{&quot;unit&quot;:&quot;px&quot;,&quot;size&quot;:20,&quot;sizes&quot;:[]},&quot;lazyload&quot;:&quot;yes&quot;,&quot;gallery_layout&quot;:&quot;grid&quot;,&quot;columns_tablet&quot;:2,&quot;columns_mobile&quot;:1,&quot;link_to&quot;:&quot;file&quot;,&quot;aspect_ratio&quot;:&quot;3:2&quot;,&quot;overlay_background&quot;:&quot;yes&quot;,&quot;content_hover_animation&quot;:&quot;fade-in&quot;}\" data-widget_type=\"gallery.default\">\n\t\t\t\t<div class=\"elementor-widget-container\">\n\t\t\t\t\t\t\t<div class=\"elementor-gallery__container\">\n\t\t\t\t\t\t\t<a class=\"e-gallery-item elementor-gallery-item elementor-animated-content\" href=\"https:\/\/hoteltimor.com\/wp-content\/uploads\/2023\/02\/hotel-obelisco-restaurante-okun-playa-de-palma-rooftop-05.jpg\" data-elementor-open-lightbox=\"yes\" data-elementor-lightbox-slideshow=\"738b70e\" data-e-action-hash=\"#elementor-action%3Aaction%3Dlightbox%26settings%3DeyJpZCI6MTk0LCJ1cmwiOiJodHRwczpcL1wvaG90ZWx0aW1vci5jb21cL3dwLWNvbnRlbnRcL3VwbG9hZHNcLzIwMjNcLzAyXC9ob3RlbC1vYmVsaXNjby1yZXN0YXVyYW50ZS1va3VuLXBsYXlhLWRlLXBhbG1hLXJvb2Z0b3AtMDUuanBnIiwic2xpZGVzaG93IjoiNzM4YjcwZSJ9\">\n\t\t\t\t\t<div class=\"e-gallery-image elementor-gallery-item__image\" data-thumbnail=\"https:\/\/hoteltimor.com\/wp-content\/uploads\/2023\/02\/hotel-obelisco-restaurante-okun-playa-de-palma-rooftop-05-300x200.jpg\" data-width=\"300\" data-height=\"200\" aria-label=\"OKUN Sky bar and restaurant\" role=\"img\" ><\/div>\n\t\t\t\t\t\t\t\t\t\t\t<div class=\"elementor-gallery-item__overlay\"><\/div>\n\t\t\t\t\t\t\t\t\t\t\t\t\t\t<\/a>\n\t\t\t\t\t\t\t<a class=\"e-gallery-item elementor-gallery-item elementor-animated-content\" href=\"https:\/\/hoteltimor.com\/wp-content\/uploads\/2023\/02\/hotel-obelisco-restaurante-okun-playa-de-palma-rooftop-08.jpg\" data-elementor-open-lightbox=\"yes\" data-elementor-lightbox-slideshow=\"738b70e\" data-e-action-hash=\"#elementor-action%3Aaction%3Dlightbox%26settings%3DeyJpZCI6MTk3LCJ1cmwiOiJodHRwczpcL1wvaG90ZWx0aW1vci5jb21cL3dwLWNvbnRlbnRcL3VwbG9hZHNcLzIwMjNcLzAyXC9ob3RlbC1vYmVsaXNjby1yZXN0YXVyYW50ZS1va3VuLXBsYXlhLWRlLXBhbG1hLXJvb2Z0b3AtMDguanBnIiwic2xpZGVzaG93IjoiNzM4YjcwZSJ9\">\n\t\t\t\t\t<div class=\"e-gallery-image elementor-gallery-item__image\" data-thumbnail=\"https:\/\/hoteltimor.com\/wp-content\/uploads\/2023\/02\/hotel-obelisco-restaurante-okun-playa-de-palma-rooftop-08-300x200.jpg\" data-width=\"300\" data-height=\"200\" aria-label=\"OKUN Sky bar and restaurant\" role=\"img\" ><\/div>\n\t\t\t\t\t\t\t\t\t\t\t<div class=\"elementor-gallery-item__overlay\"><\/div>\n\t\t\t\t\t\t\t\t\t\t\t\t\t\t<\/a>\n\t\t\t\t\t\t\t<a class=\"e-gallery-item elementor-gallery-item elementor-animated-content\" href=\"https:\/\/hoteltimor.com\/wp-content\/uploads\/2023\/02\/hotel-obelisco-restaurante-okun-playa-de-palma-rooftop-06.jpg\" data-elementor-open-lightbox=\"yes\" data-elementor-lightbox-slideshow=\"738b70e\" data-e-action-hash=\"#elementor-action%3Aaction%3Dlightbox%26settings%3DeyJpZCI6MTk1LCJ1cmwiOiJodHRwczpcL1wvaG90ZWx0aW1vci5jb21cL3dwLWNvbnRlbnRcL3VwbG9hZHNcLzIwMjNcLzAyXC9ob3RlbC1vYmVsaXNjby1yZXN0YXVyYW50ZS1va3VuLXBsYXlhLWRlLXBhbG1hLXJvb2Z0b3AtMDYuanBnIiwic2xpZGVzaG93IjoiNzM4YjcwZSJ9\">\n\t\t\t\t\t<div class=\"e-gallery-image elementor-gallery-item__image\" data-thumbnail=\"https:\/\/hoteltimor.com\/wp-content\/uploads\/2023\/02\/hotel-obelisco-restaurante-okun-playa-de-palma-rooftop-06-300x200.jpg\" data-width=\"300\" data-height=\"200\" aria-label=\"OKUN Sky bar and restaurant\" role=\"img\" ><\/div>\n\t\t\t\t\t\t\t\t\t\t\t<div class=\"elementor-gallery-item__overlay\"><\/div>\n\t\t\t\t\t\t\t\t\t\t\t\t\t\t<\/a>\n\t\t\t\t\t\t\t<a class=\"e-gallery-item elementor-gallery-item elementor-animated-content\" href=\"https:\/\/hoteltimor.com\/wp-content\/uploads\/2023\/02\/hotel-obelisco-restaurante-okun-playa-de-palma-rooftop-03.jpg\" data-elementor-open-lightbox=\"yes\" data-elementor-lightbox-slideshow=\"738b70e\" data-e-action-hash=\"#elementor-action%3Aaction%3Dlightbox%26settings%3DeyJpZCI6MTk4LCJ1cmwiOiJodHRwczpcL1wvaG90ZWx0aW1vci5jb21cL3dwLWNvbnRlbnRcL3VwbG9hZHNcLzIwMjNcLzAyXC9ob3RlbC1vYmVsaXNjby1yZXN0YXVyYW50ZS1va3VuLXBsYXlhLWRlLXBhbG1hLXJvb2Z0b3AtMDMuanBnIiwic2xpZGVzaG93IjoiNzM4YjcwZSJ9\">\n\t\t\t\t\t<div class=\"e-gallery-image elementor-gallery-item__image\" data-thumbnail=\"https:\/\/hoteltimor.com\/wp-content\/uploads\/2023\/02\/hotel-obelisco-restaurante-okun-playa-de-palma-rooftop-03-300x200.jpg\" data-width=\"300\" data-height=\"200\" aria-label=\"OKUN Sky bar and restaurant\" role=\"img\" ><\/div>\n\t\t\t\t\t\t\t\t\t\t\t<div class=\"elementor-gallery-item__overlay\"><\/div>\n\t\t\t\t\t\t\t\t\t\t\t\t\t\t<\/a>\n\t\t\t\t\t\t\t<a class=\"e-gallery-item elementor-gallery-item elementor-animated-content\" href=\"https:\/\/hoteltimor.com\/wp-content\/uploads\/2023\/02\/hotel-obelisco-restaurante-okun-playa-de-palma-rooftop-07.jpg\" data-elementor-open-lightbox=\"yes\" data-elementor-lightbox-slideshow=\"738b70e\" data-e-action-hash=\"#elementor-action%3Aaction%3Dlightbox%26settings%3DeyJpZCI6MTk2LCJ1cmwiOiJodHRwczpcL1wvaG90ZWx0aW1vci5jb21cL3dwLWNvbnRlbnRcL3VwbG9hZHNcLzIwMjNcLzAyXC9ob3RlbC1vYmVsaXNjby1yZXN0YXVyYW50ZS1va3VuLXBsYXlhLWRlLXBhbG1hLXJvb2Z0b3AtMDcuanBnIiwic2xpZGVzaG93IjoiNzM4YjcwZSJ9\">\n\t\t\t\t\t<div class=\"e-gallery-image elementor-gallery-item__image\" data-thumbnail=\"https:\/\/hoteltimor.com\/wp-content\/uploads\/2023\/02\/hotel-obelisco-restaurante-okun-playa-de-palma-rooftop-07-300x200.jpg\" data-width=\"300\" data-height=\"200\" aria-label=\"OKUN Sky bar and restaurant\" role=\"img\" ><\/div>\n\t\t\t\t\t\t\t\t\t\t\t<div class=\"elementor-gallery-item__overlay\"><\/div>\n\t\t\t\t\t\t\t\t\t\t\t\t\t\t<\/a>\n\t\t\t\t\t\t\t<a class=\"e-gallery-item elementor-gallery-item elementor-animated-content\" href=\"https:\/\/hoteltimor.com\/wp-content\/uploads\/2023\/02\/hotel-obelisco-restaurante-okun-playa-de-palma-rooftop-04.jpg\" data-elementor-open-lightbox=\"yes\" data-elementor-lightbox-slideshow=\"738b70e\" data-e-action-hash=\"#elementor-action%3Aaction%3Dlightbox%26settings%3DeyJpZCI6MTkzLCJ1cmwiOiJodHRwczpcL1wvaG90ZWx0aW1vci5jb21cL3dwLWNvbnRlbnRcL3VwbG9hZHNcLzIwMjNcLzAyXC9ob3RlbC1vYmVsaXNjby1yZXN0YXVyYW50ZS1va3VuLXBsYXlhLWRlLXBhbG1hLXJvb2Z0b3AtMDQuanBnIiwic2xpZGVzaG93IjoiNzM4YjcwZSJ9\">\n\t\t\t\t\t<div class=\"e-gallery-image elementor-gallery-item__image\" data-thumbnail=\"https:\/\/hoteltimor.com\/wp-content\/uploads\/2023\/02\/hotel-obelisco-restaurante-okun-playa-de-palma-rooftop-04-300x200.jpg\" data-width=\"300\" data-height=\"200\" aria-label=\"OKUN Sky bar and restaurant\" role=\"img\" ><\/div>\n\t\t\t\t\t\t\t\t\t\t\t<div class=\"elementor-gallery-item__overlay\"><\/div>\n\t\t\t\t\t\t\t\t\t\t\t\t\t\t<\/a>\n\t\t\t\t\t<\/div>\n\t\t\t\t\t<\/div>\n\t\t\t\t<\/div>\n\t\t\t\t\t<\/div>\n\t\t\t\t<\/div>\n\t\t\t\t<\/div>\n\t\t","protected":false},"excerpt":{"rendered":"<p>In diesem Juwel des Hotels Obelisco k\u00f6nnen Sie eine luxuri\u00f6se mediterrane Gastronomie, individuell zusammengestellte Cocktails und Gin Tonics sowie einen herrlichen Blick auf Palma und die gesamte Bucht genie\u00dfen. OKUN Sky Restaurant Das Restaurant OKUN ist auf mediterrane K\u00fcche spezialisiert und bietet Ihnen die M\u00f6glichkeit, den Strand von Palma aus einer anderen Perspektive zu entdecken, [&hellip;]<\/p>\n","protected":false},"author":1,"featured_media":0,"parent":0,"menu_order":0,"comment_status":"closed","ping_status":"closed","template":"","meta":{"_acf_changed":false,"footnotes":""},"class_list":["post-798","page","type-page","status-publish","hentry"],"acf":[],"yoast_head":"<!-- This site is optimized with the Yoast SEO plugin v27.4 - https:\/\/yoast.com\/product\/yoast-seo-wordpress\/ -->\n<title>OKUN Sky Restaurant - Hotel Timor<\/title>\n<meta name=\"robots\" content=\"index, follow, max-snippet:-1, max-image-preview:large, max-video-preview:-1\" \/>\n<link rel=\"canonical\" href=\"https:\/\/hoteltimor.com\/okun-sky-restaurant\/\" \/>\n<meta property=\"og:locale\" content=\"de_DE\" \/>\n<meta property=\"og:type\" content=\"article\" \/>\n<meta property=\"og:title\" content=\"OKUN Sky Restaurant - Hotel Timor\" \/>\n<meta property=\"og:description\" content=\"In diesem Juwel des Hotels Obelisco k\u00f6nnen Sie eine luxuri\u00f6se mediterrane Gastronomie, individuell zusammengestellte Cocktails und Gin Tonics sowie einen herrlichen Blick auf Palma und die gesamte Bucht genie\u00dfen. OKUN Sky Restaurant Das Restaurant OKUN ist auf mediterrane K\u00fcche spezialisiert und bietet Ihnen die M\u00f6glichkeit, den Strand von Palma aus einer anderen Perspektive zu entdecken, [&hellip;]\" \/>\n<meta property=\"og:url\" content=\"https:\/\/hoteltimor.com\/okun-sky-restaurant\/\" \/>\n<meta property=\"og:site_name\" content=\"Hotel Timor\" \/>\n<meta property=\"article:modified_time\" content=\"2023-04-04T08:21:47+00:00\" \/>\n<meta property=\"og:image\" content=\"https:\/\/hoteltimor.com\/wp-content\/uploads\/2023\/02\/hotel-obelisco-restaurante-okun-playa-de-palma.jpg\" \/>\n<meta name=\"twitter:card\" content=\"summary_large_image\" \/>\n<meta name=\"twitter:label1\" content=\"Gesch\u00e4tzte Lesezeit\" \/>\n\t<meta name=\"twitter:data1\" content=\"1\u00a0Minute\" \/>\n<script type=\"application\/ld+json\" class=\"yoast-schema-graph\">{\"@context\":\"https:\\\/\\\/schema.org\",\"@graph\":[{\"@type\":\"WebPage\",\"@id\":\"https:\\\/\\\/hoteltimor.com\\\/okun-sky-restaurant\\\/\",\"url\":\"https:\\\/\\\/hoteltimor.com\\\/okun-sky-restaurant\\\/\",\"name\":\"OKUN Sky Restaurant - Hotel Timor\",\"isPartOf\":{\"@id\":\"https:\\\/\\\/hoteltimor.com\\\/en\\\/#website\"},\"primaryImageOfPage\":{\"@id\":\"https:\\\/\\\/hoteltimor.com\\\/okun-sky-restaurant\\\/#primaryimage\"},\"image\":{\"@id\":\"https:\\\/\\\/hoteltimor.com\\\/okun-sky-restaurant\\\/#primaryimage\"},\"thumbnailUrl\":\"https:\\\/\\\/hoteltimor.com\\\/wp-content\\\/uploads\\\/2023\\\/02\\\/hotel-obelisco-restaurante-okun-playa-de-palma.jpg\",\"datePublished\":\"2023-02-13T08:16:33+00:00\",\"dateModified\":\"2023-04-04T08:21:47+00:00\",\"breadcrumb\":{\"@id\":\"https:\\\/\\\/hoteltimor.com\\\/okun-sky-restaurant\\\/#breadcrumb\"},\"inLanguage\":\"de\",\"potentialAction\":[{\"@type\":\"ReadAction\",\"target\":[\"https:\\\/\\\/hoteltimor.com\\\/okun-sky-restaurant\\\/\"]}]},{\"@type\":\"ImageObject\",\"inLanguage\":\"de\",\"@id\":\"https:\\\/\\\/hoteltimor.com\\\/okun-sky-restaurant\\\/#primaryimage\",\"url\":\"https:\\\/\\\/hoteltimor.com\\\/wp-content\\\/uploads\\\/2023\\\/02\\\/hotel-obelisco-restaurante-okun-playa-de-palma.jpg\",\"contentUrl\":\"https:\\\/\\\/hoteltimor.com\\\/wp-content\\\/uploads\\\/2023\\\/02\\\/hotel-obelisco-restaurante-okun-playa-de-palma.jpg\"},{\"@type\":\"BreadcrumbList\",\"@id\":\"https:\\\/\\\/hoteltimor.com\\\/okun-sky-restaurant\\\/#breadcrumb\",\"itemListElement\":[{\"@type\":\"ListItem\",\"position\":1,\"name\":\"Portada\",\"item\":\"https:\\\/\\\/hoteltimor.com\\\/de\\\/home-2023\\\/\"},{\"@type\":\"ListItem\",\"position\":2,\"name\":\"OKUN Sky Restaurant\"}]},{\"@type\":\"WebSite\",\"@id\":\"https:\\\/\\\/hoteltimor.com\\\/en\\\/#website\",\"url\":\"https:\\\/\\\/hoteltimor.com\\\/en\\\/\",\"name\":\"Hotel Timor\",\"description\":\"Hotel situado en Playa de Palma.\",\"publisher\":{\"@id\":\"https:\\\/\\\/hoteltimor.com\\\/en\\\/#organization\"},\"potentialAction\":[{\"@type\":\"SearchAction\",\"target\":{\"@type\":\"EntryPoint\",\"urlTemplate\":\"https:\\\/\\\/hoteltimor.com\\\/en\\\/?s={search_term_string}\"},\"query-input\":{\"@type\":\"PropertyValueSpecification\",\"valueRequired\":true,\"valueName\":\"search_term_string\"}}],\"inLanguage\":\"de\"},{\"@type\":\"Organization\",\"@id\":\"https:\\\/\\\/hoteltimor.com\\\/en\\\/#organization\",\"name\":\"Hotel Timor\",\"url\":\"https:\\\/\\\/hoteltimor.com\\\/en\\\/\",\"logo\":{\"@type\":\"ImageObject\",\"inLanguage\":\"de\",\"@id\":\"https:\\\/\\\/hoteltimor.com\\\/en\\\/#\\\/schema\\\/logo\\\/image\\\/\",\"url\":\"https:\\\/\\\/hoteltimor.com\\\/wp-content\\\/uploads\\\/2023\\\/02\\\/hotel-timor-logo-white.png\",\"contentUrl\":\"https:\\\/\\\/hoteltimor.com\\\/wp-content\\\/uploads\\\/2023\\\/02\\\/hotel-timor-logo-white.png\",\"width\":191,\"height\":38,\"caption\":\"Hotel Timor\"},\"image\":{\"@id\":\"https:\\\/\\\/hoteltimor.com\\\/en\\\/#\\\/schema\\\/logo\\\/image\\\/\"}}]}<\/script>\n<!-- \/ Yoast SEO plugin. -->","yoast_head_json":{"title":"OKUN Sky Restaurant - Hotel Timor","robots":{"index":"index","follow":"follow","max-snippet":"max-snippet:-1","max-image-preview":"max-image-preview:large","max-video-preview":"max-video-preview:-1"},"canonical":"https:\/\/hoteltimor.com\/okun-sky-restaurant\/","og_locale":"de_DE","og_type":"article","og_title":"OKUN Sky Restaurant - Hotel Timor","og_description":"In diesem Juwel des Hotels Obelisco k\u00f6nnen Sie eine luxuri\u00f6se mediterrane Gastronomie, individuell zusammengestellte Cocktails und Gin Tonics sowie einen herrlichen Blick auf Palma und die gesamte Bucht genie\u00dfen. OKUN Sky Restaurant Das Restaurant OKUN ist auf mediterrane K\u00fcche spezialisiert und bietet Ihnen die M\u00f6glichkeit, den Strand von Palma aus einer anderen Perspektive zu entdecken, [&hellip;]","og_url":"https:\/\/hoteltimor.com\/okun-sky-restaurant\/","og_site_name":"Hotel Timor","article_modified_time":"2023-04-04T08:21:47+00:00","og_image":[{"url":"https:\/\/hoteltimor.com\/wp-content\/uploads\/2023\/02\/hotel-obelisco-restaurante-okun-playa-de-palma.jpg","type":"","width":"","height":""}],"twitter_card":"summary_large_image","twitter_misc":{"Gesch\u00e4tzte Lesezeit":"1\u00a0Minute"},"schema":{"@context":"https:\/\/schema.org","@graph":[{"@type":"WebPage","@id":"https:\/\/hoteltimor.com\/okun-sky-restaurant\/","url":"https:\/\/hoteltimor.com\/okun-sky-restaurant\/","name":"OKUN Sky Restaurant - Hotel Timor","isPartOf":{"@id":"https:\/\/hoteltimor.com\/en\/#website"},"primaryImageOfPage":{"@id":"https:\/\/hoteltimor.com\/okun-sky-restaurant\/#primaryimage"},"image":{"@id":"https:\/\/hoteltimor.com\/okun-sky-restaurant\/#primaryimage"},"thumbnailUrl":"https:\/\/hoteltimor.com\/wp-content\/uploads\/2023\/02\/hotel-obelisco-restaurante-okun-playa-de-palma.jpg","datePublished":"2023-02-13T08:16:33+00:00","dateModified":"2023-04-04T08:21:47+00:00","breadcrumb":{"@id":"https:\/\/hoteltimor.com\/okun-sky-restaurant\/#breadcrumb"},"inLanguage":"de","potentialAction":[{"@type":"ReadAction","target":["https:\/\/hoteltimor.com\/okun-sky-restaurant\/"]}]},{"@type":"ImageObject","inLanguage":"de","@id":"https:\/\/hoteltimor.com\/okun-sky-restaurant\/#primaryimage","url":"https:\/\/hoteltimor.com\/wp-content\/uploads\/2023\/02\/hotel-obelisco-restaurante-okun-playa-de-palma.jpg","contentUrl":"https:\/\/hoteltimor.com\/wp-content\/uploads\/2023\/02\/hotel-obelisco-restaurante-okun-playa-de-palma.jpg"},{"@type":"BreadcrumbList","@id":"https:\/\/hoteltimor.com\/okun-sky-restaurant\/#breadcrumb","itemListElement":[{"@type":"ListItem","position":1,"name":"Portada","item":"https:\/\/hoteltimor.com\/de\/home-2023\/"},{"@type":"ListItem","position":2,"name":"OKUN Sky Restaurant"}]},{"@type":"WebSite","@id":"https:\/\/hoteltimor.com\/en\/#website","url":"https:\/\/hoteltimor.com\/en\/","name":"Hotel Timor","description":"Hotel situado en Playa de Palma.","publisher":{"@id":"https:\/\/hoteltimor.com\/en\/#organization"},"potentialAction":[{"@type":"SearchAction","target":{"@type":"EntryPoint","urlTemplate":"https:\/\/hoteltimor.com\/en\/?s={search_term_string}"},"query-input":{"@type":"PropertyValueSpecification","valueRequired":true,"valueName":"search_term_string"}}],"inLanguage":"de"},{"@type":"Organization","@id":"https:\/\/hoteltimor.com\/en\/#organization","name":"Hotel Timor","url":"https:\/\/hoteltimor.com\/en\/","logo":{"@type":"ImageObject","inLanguage":"de","@id":"https:\/\/hoteltimor.com\/en\/#\/schema\/logo\/image\/","url":"https:\/\/hoteltimor.com\/wp-content\/uploads\/2023\/02\/hotel-timor-logo-white.png","contentUrl":"https:\/\/hoteltimor.com\/wp-content\/uploads\/2023\/02\/hotel-timor-logo-white.png","width":191,"height":38,"caption":"Hotel Timor"},"image":{"@id":"https:\/\/hoteltimor.com\/en\/#\/schema\/logo\/image\/"}}]}},"_links":{"self":[{"href":"https:\/\/hoteltimor.com\/de\/wp-json\/wp\/v2\/pages\/798","targetHints":{"allow":["GET"]}}],"collection":[{"href":"https:\/\/hoteltimor.com\/de\/wp-json\/wp\/v2\/pages"}],"about":[{"href":"https:\/\/hoteltimor.com\/de\/wp-json\/wp\/v2\/types\/page"}],"author":[{"embeddable":true,"href":"https:\/\/hoteltimor.com\/de\/wp-json\/wp\/v2\/users\/1"}],"replies":[{"embeddable":true,"href":"https:\/\/hoteltimor.com\/de\/wp-json\/wp\/v2\/comments?post=798"}],"version-history":[{"count":3,"href":"https:\/\/hoteltimor.com\/de\/wp-json\/wp\/v2\/pages\/798\/revisions"}],"predecessor-version":[{"id":801,"href":"https:\/\/hoteltimor.com\/de\/wp-json\/wp\/v2\/pages\/798\/revisions\/801"}],"wp:attachment":[{"href":"https:\/\/hoteltimor.com\/de\/wp-json\/wp\/v2\/media?parent=798"}],"curies":[{"name":"wp","href":"https:\/\/api.w.org\/{rel}","templated":true}]}}