{"id":802,"date":"2023-02-13T08:02:31","date_gmt":"2023-02-13T08:02:31","guid":{"rendered":"https:\/\/hoteltimor.com\/umgebung\/"},"modified":"2023-07-12T07:05:49","modified_gmt":"2023-07-12T07:05:49","slug":"umgebung","status":"publish","type":"page","link":"https:\/\/hoteltimor.com\/de\/umgebung\/","title":{"rendered":"Umgebung"},"content":{"rendered":"\t\t<div data-elementor-type=\"wp-page\" data-elementor-id=\"802\" class=\"elementor elementor-802 elementor-162\" data-elementor-post-type=\"page\">\n\t\t\t\t<div class=\"elementor-element elementor-element-03cb971 e-flex e-con-boxed e-con e-parent\" data-id=\"03cb971\" data-element_type=\"container\" data-e-type=\"container\">\n\t\t\t\t\t<div class=\"e-con-inner\">\n\t\t\t\t<div class=\"elementor-element elementor-element-690dda2 elementor-widget elementor-widget-heading\" data-id=\"690dda2\" data-element_type=\"widget\" data-e-type=\"widget\" data-widget_type=\"heading.default\">\n\t\t\t\t<div class=\"elementor-widget-container\">\n\t\t\t\t\t<h1 class=\"elementor-heading-title elementor-size-default\">Umgebung<\/h1>\t\t\t\t<\/div>\n\t\t\t\t<\/div>\n\t\t\t\t\t<\/div>\n\t\t\t\t<\/div>\n\t\t<div class=\"elementor-element elementor-element-9d8a752 e-flex e-con-boxed e-con e-parent\" data-id=\"9d8a752\" data-element_type=\"container\" data-e-type=\"container\">\n\t\t\t\t\t<div class=\"e-con-inner\">\n\t\t\t\t\t<\/div>\n\t\t\t\t<\/div>\n\t\t<div class=\"elementor-element elementor-element-4745965 e-flex e-con-boxed e-con e-parent\" data-id=\"4745965\" data-element_type=\"container\" data-e-type=\"container\">\n\t\t\t\t\t<div class=\"e-con-inner\">\n\t\t\t\t<div class=\"elementor-element elementor-element-759a022 elementor-widget elementor-widget-heading\" data-id=\"759a022\" data-element_type=\"widget\" data-e-type=\"widget\" data-widget_type=\"heading.default\">\n\t\t\t\t<div class=\"elementor-widget-container\">\n\t\t\t\t\t<h3 class=\"elementor-heading-title elementor-size-default\">Interessante Orte<\/h3>\t\t\t\t<\/div>\n\t\t\t\t<\/div>\n\t\t\t\t\t<\/div>\n\t\t\t\t<\/div>\n\t\t<div class=\"elementor-element elementor-element-211a6de e-flex e-con-boxed e-con e-parent\" data-id=\"211a6de\" data-element_type=\"container\" data-e-type=\"container\">\n\t\t\t\t\t<div class=\"e-con-inner\">\n\t\t<div class=\"elementor-element elementor-element-9be12f0 e-flex e-con-boxed e-con e-parent\" data-id=\"9be12f0\" data-element_type=\"container\" data-e-type=\"container\">\n\t\t\t\t\t<div class=\"e-con-inner\">\n\t\t\t\t<div class=\"elementor-element elementor-element-6d0b48a elementor-widget elementor-widget-image\" data-id=\"6d0b48a\" data-element_type=\"widget\" data-e-type=\"widget\" data-widget_type=\"image.default\">\n\t\t\t\t<div class=\"elementor-widget-container\">\n\t\t\t\t\t\t\t\t\t\t\t\t\t\t\t<img fetchpriority=\"high\" decoding=\"async\" width=\"768\" height=\"576\" src=\"https:\/\/hoteltimor.com\/wp-content\/uploads\/2023\/02\/hotel-obelisco-entorno-playa-de-palma-768x576.jpg\" class=\"attachment-medium_large size-medium_large wp-image-658\" alt=\"\" srcset=\"https:\/\/hoteltimor.com\/wp-content\/uploads\/2023\/02\/hotel-obelisco-entorno-playa-de-palma-768x576.jpg 768w, https:\/\/hoteltimor.com\/wp-content\/uploads\/2023\/02\/hotel-obelisco-entorno-playa-de-palma-300x225.jpg 300w, https:\/\/hoteltimor.com\/wp-content\/uploads\/2023\/02\/hotel-obelisco-entorno-playa-de-palma-1024x768.jpg 1024w, https:\/\/hoteltimor.com\/wp-content\/uploads\/2023\/02\/hotel-obelisco-entorno-playa-de-palma.jpg 1200w\" sizes=\"(max-width: 768px) 100vw, 768px\" \/>\t\t\t\t\t\t\t\t\t\t\t\t\t\t\t<\/div>\n\t\t\t\t<\/div>\n\t\t\t\t<div class=\"elementor-element elementor-element-8ab817c elementor-widget elementor-widget-heading\" data-id=\"8ab817c\" data-element_type=\"widget\" data-e-type=\"widget\" data-widget_type=\"heading.default\">\n\t\t\t\t<div class=\"elementor-widget-container\">\n\t\t\t\t\t<h3 class=\"elementor-heading-title elementor-size-default\">Strand von Palma<\/h3>\t\t\t\t<\/div>\n\t\t\t\t<\/div>\n\t\t\t\t<div class=\"elementor-element elementor-element-72b6961 elementor-widget elementor-widget-text-editor\" data-id=\"72b6961\" data-element_type=\"widget\" data-e-type=\"widget\" data-widget_type=\"text-editor.default\">\n\t\t\t\t<div class=\"elementor-widget-container\">\n\t\t\t\t\t\t\t\t\t<p>Einer der wichtigsten und sch\u00f6nsten Str\u00e4nde von Palma. Der feine Sand und das kristallklare Wasser laden zum Entspannen und Abschalten ein. Sie k\u00f6nnen auch alle Arten von Wassersport betreiben. <\/p>\n\t\t\t\t\t\t\t\t<\/div>\n\t\t\t\t<\/div>\n\t\t\t\t\t<\/div>\n\t\t\t\t<\/div>\n\t\t<div class=\"elementor-element elementor-element-c058156 e-flex e-con-boxed e-con e-parent\" data-id=\"c058156\" data-element_type=\"container\" data-e-type=\"container\">\n\t\t\t\t\t<div class=\"e-con-inner\">\n\t\t\t\t<div class=\"elementor-element elementor-element-eb7cdba elementor-widget elementor-widget-image\" data-id=\"eb7cdba\" data-element_type=\"widget\" data-e-type=\"widget\" data-widget_type=\"image.default\">\n\t\t\t\t<div class=\"elementor-widget-container\">\n\t\t\t\t\t\t\t\t\t\t\t\t\t\t\t<img decoding=\"async\" width=\"768\" height=\"576\" src=\"https:\/\/hoteltimor.com\/wp-content\/uploads\/2023\/02\/hotel-obelisco-entorno-catedral-de-palma-768x576.jpg\" class=\"attachment-medium_large size-medium_large wp-image-656\" alt=\"\" srcset=\"https:\/\/hoteltimor.com\/wp-content\/uploads\/2023\/02\/hotel-obelisco-entorno-catedral-de-palma-768x576.jpg 768w, https:\/\/hoteltimor.com\/wp-content\/uploads\/2023\/02\/hotel-obelisco-entorno-catedral-de-palma-300x225.jpg 300w, https:\/\/hoteltimor.com\/wp-content\/uploads\/2023\/02\/hotel-obelisco-entorno-catedral-de-palma-1024x768.jpg 1024w, https:\/\/hoteltimor.com\/wp-content\/uploads\/2023\/02\/hotel-obelisco-entorno-catedral-de-palma.jpg 1200w\" sizes=\"(max-width: 768px) 100vw, 768px\" \/>\t\t\t\t\t\t\t\t\t\t\t\t\t\t\t<\/div>\n\t\t\t\t<\/div>\n\t\t\t\t<div class=\"elementor-element elementor-element-2db8180 elementor-widget elementor-widget-heading\" data-id=\"2db8180\" data-element_type=\"widget\" data-e-type=\"widget\" data-widget_type=\"heading.default\">\n\t\t\t\t<div class=\"elementor-widget-container\">\n\t\t\t\t\t<h3 class=\"elementor-heading-title elementor-size-default\">Kathedrale von Palma<\/h3>\t\t\t\t<\/div>\n\t\t\t\t<\/div>\n\t\t\t\t<div class=\"elementor-element elementor-element-6b2eeb5 elementor-widget elementor-widget-text-editor\" data-id=\"6b2eeb5\" data-element_type=\"widget\" data-e-type=\"widget\" data-widget_type=\"text-editor.default\">\n\t\t\t\t<div class=\"elementor-widget-container\">\n\t\t\t\t\t\t\t\t\t<p>Das Juwel der Stadt Palma, bekannt als La Seu, ist 15 km vom Hotel entfernt. Ein architektonisches Juwel und touristisches Zentrum der Stadt, wo Sie auch das historische Viertel rund um die Kathedrale erkunden k\u00f6nnen. Eines der geschichtstr\u00e4chtigsten und pers\u00f6nlichsten Viertel Palmas. <\/p>\n\t\t\t\t\t\t\t\t<\/div>\n\t\t\t\t<\/div>\n\t\t\t\t\t<\/div>\n\t\t\t\t<\/div>\n\t\t\t\t\t<\/div>\n\t\t\t\t<\/div>\n\t\t<div class=\"elementor-element elementor-element-d457658 e-flex e-con-boxed e-con e-parent\" data-id=\"d457658\" data-element_type=\"container\" data-e-type=\"container\">\n\t\t\t\t\t<div class=\"e-con-inner\">\n\t\t<div class=\"elementor-element elementor-element-0c9c3f3 e-flex e-con-boxed e-con e-parent\" data-id=\"0c9c3f3\" data-element_type=\"container\" data-e-type=\"container\">\n\t\t\t\t\t<div class=\"e-con-inner\">\n\t\t\t\t<div class=\"elementor-element elementor-element-6162bb7 elementor-widget elementor-widget-image\" data-id=\"6162bb7\" data-element_type=\"widget\" data-e-type=\"widget\" data-widget_type=\"image.default\">\n\t\t\t\t<div class=\"elementor-widget-container\">\n\t\t\t\t\t\t\t\t\t\t\t\t\t\t\t<img decoding=\"async\" width=\"768\" height=\"576\" src=\"https:\/\/hoteltimor.com\/wp-content\/uploads\/2023\/02\/hotel-obelisco-entorno-paseo-maritimo-de-palma-768x576.jpg\" class=\"attachment-medium_large size-medium_large wp-image-662\" alt=\"\" srcset=\"https:\/\/hoteltimor.com\/wp-content\/uploads\/2023\/02\/hotel-obelisco-entorno-paseo-maritimo-de-palma-768x576.jpg 768w, https:\/\/hoteltimor.com\/wp-content\/uploads\/2023\/02\/hotel-obelisco-entorno-paseo-maritimo-de-palma-300x225.jpg 300w, https:\/\/hoteltimor.com\/wp-content\/uploads\/2023\/02\/hotel-obelisco-entorno-paseo-maritimo-de-palma-1024x768.jpg 1024w, https:\/\/hoteltimor.com\/wp-content\/uploads\/2023\/02\/hotel-obelisco-entorno-paseo-maritimo-de-palma.jpg 1200w\" sizes=\"(max-width: 768px) 100vw, 768px\" \/>\t\t\t\t\t\t\t\t\t\t\t\t\t\t\t<\/div>\n\t\t\t\t<\/div>\n\t\t\t\t<div class=\"elementor-element elementor-element-811a7bd elementor-widget elementor-widget-heading\" data-id=\"811a7bd\" data-element_type=\"widget\" data-e-type=\"widget\" data-widget_type=\"heading.default\">\n\t\t\t\t<div class=\"elementor-widget-container\">\n\t\t\t\t\t<h3 class=\"elementor-heading-title elementor-size-default\">Strandpromenade \n<\/h3>\t\t\t\t<\/div>\n\t\t\t\t<\/div>\n\t\t\t\t<div class=\"elementor-element elementor-element-be2516b elementor-widget elementor-widget-text-editor\" data-id=\"be2516b\" data-element_type=\"widget\" data-e-type=\"widget\" data-widget_type=\"text-editor.default\">\n\t\t\t\t<div class=\"elementor-widget-container\">\n\t\t\t\t\t\t\t\t\t<p>Eine der wichtigsten touristischen Attraktionen Palmas, nur 100 Meter vom Hotel entfernt. Die Strandpromenade verbindet die verschiedenen Stadtteile Palmas, f\u00fchrt an der Kathedrale vorbei und erreicht den Hafen. Hier finden Sie ein au\u00dferordentliches kulinarisches Angebot, sowie Gesch\u00e4fte und modische Orte.<\/p>\n\t\t\t\t\t\t\t\t<\/div>\n\t\t\t\t<\/div>\n\t\t\t\t\t<\/div>\n\t\t\t\t<\/div>\n\t\t<div class=\"elementor-element elementor-element-28044a2 e-flex e-con-boxed e-con e-parent\" data-id=\"28044a2\" data-element_type=\"container\" data-e-type=\"container\">\n\t\t\t\t\t<div class=\"e-con-inner\">\n\t\t\t\t<div class=\"elementor-element elementor-element-809d222 elementor-widget elementor-widget-image\" data-id=\"809d222\" data-element_type=\"widget\" data-e-type=\"widget\" data-widget_type=\"image.default\">\n\t\t\t\t<div class=\"elementor-widget-container\">\n\t\t\t\t\t\t\t\t\t\t\t\t\t\t\t<img loading=\"lazy\" decoding=\"async\" width=\"768\" height=\"576\" src=\"https:\/\/hoteltimor.com\/wp-content\/uploads\/2023\/02\/hotel-obelisco-entorno-castillo-de-bellver-768x576.jpg\" class=\"attachment-medium_large size-medium_large wp-image-660\" alt=\"\" srcset=\"https:\/\/hoteltimor.com\/wp-content\/uploads\/2023\/02\/hotel-obelisco-entorno-castillo-de-bellver-768x576.jpg 768w, https:\/\/hoteltimor.com\/wp-content\/uploads\/2023\/02\/hotel-obelisco-entorno-castillo-de-bellver-300x225.jpg 300w, https:\/\/hoteltimor.com\/wp-content\/uploads\/2023\/02\/hotel-obelisco-entorno-castillo-de-bellver-1024x768.jpg 1024w, https:\/\/hoteltimor.com\/wp-content\/uploads\/2023\/02\/hotel-obelisco-entorno-castillo-de-bellver.jpg 1200w\" sizes=\"(max-width: 768px) 100vw, 768px\" \/>\t\t\t\t\t\t\t\t\t\t\t\t\t\t\t<\/div>\n\t\t\t\t<\/div>\n\t\t\t\t<div class=\"elementor-element elementor-element-e47c0e9 elementor-widget elementor-widget-heading\" data-id=\"e47c0e9\" data-element_type=\"widget\" data-e-type=\"widget\" data-widget_type=\"heading.default\">\n\t\t\t\t<div class=\"elementor-widget-container\">\n\t\t\t\t\t<h3 class=\"elementor-heading-title elementor-size-default\">Schloss Bellver<\/h3>\t\t\t\t<\/div>\n\t\t\t\t<\/div>\n\t\t\t\t<div class=\"elementor-element elementor-element-fe03a73 elementor-widget elementor-widget-text-editor\" data-id=\"fe03a73\" data-element_type=\"widget\" data-e-type=\"widget\" data-widget_type=\"text-editor.default\">\n\t\t\t\t<div class=\"elementor-widget-container\">\n\t\t\t\t\t\t\t\t\t<p>Geschichte der Stadt Palma und kulturelles Zentrum. Die Festung beherbergt das Museum f\u00fcr die Geschichte Palmas, in dem man die Urspr\u00fcnge der Stadt, ihre Kultur und Geschichte kennenlernen kann. <\/p>\n\t\t\t\t\t\t\t\t<\/div>\n\t\t\t\t<\/div>\n\t\t\t\t\t<\/div>\n\t\t\t\t<\/div>\n\t\t\t\t\t<\/div>\n\t\t\t\t<\/div>\n\t\t\t\t<\/div>\n\t\t","protected":false},"excerpt":{"rendered":"<p>Interessante Orte Strand von Palma Einer der wichtigsten und sch\u00f6nsten Str\u00e4nde von Palma. Der feine Sand und das kristallklare Wasser laden zum Entspannen und Abschalten ein. Sie k\u00f6nnen auch alle Arten von Wassersport betreiben. Kathedrale von Palma Das Juwel der Stadt Palma, bekannt als La Seu, ist 15 km vom Hotel entfernt. Ein architektonisches Juwel [&hellip;]<\/p>\n","protected":false},"author":1,"featured_media":0,"parent":0,"menu_order":0,"comment_status":"closed","ping_status":"closed","template":"","meta":{"_acf_changed":false,"footnotes":""},"class_list":["post-802","page","type-page","status-publish","hentry"],"acf":[],"yoast_head":"<!-- This site is optimized with the Yoast SEO plugin v27.4 - https:\/\/yoast.com\/product\/yoast-seo-wordpress\/ -->\n<title>Umgebung - Hotel Timor<\/title>\n<meta name=\"robots\" content=\"index, follow, max-snippet:-1, max-image-preview:large, max-video-preview:-1\" \/>\n<link rel=\"canonical\" href=\"https:\/\/hoteltimor.com\/entorno\/\" \/>\n<meta property=\"og:locale\" content=\"de_DE\" \/>\n<meta property=\"og:type\" content=\"article\" \/>\n<meta property=\"og:title\" content=\"Umgebung - Hotel Timor\" \/>\n<meta property=\"og:description\" content=\"Interessante Orte Strand von Palma Einer der wichtigsten und sch\u00f6nsten Str\u00e4nde von Palma. Der feine Sand und das kristallklare Wasser laden zum Entspannen und Abschalten ein. Sie k\u00f6nnen auch alle Arten von Wassersport betreiben. Kathedrale von Palma Das Juwel der Stadt Palma, bekannt als La Seu, ist 15 km vom Hotel entfernt. Ein architektonisches Juwel [&hellip;]\" \/>\n<meta property=\"og:url\" content=\"https:\/\/hoteltimor.com\/entorno\/\" \/>\n<meta property=\"og:site_name\" content=\"Hotel Timor\" \/>\n<meta property=\"article:modified_time\" content=\"2023-07-12T07:05:49+00:00\" \/>\n<meta property=\"og:image\" content=\"https:\/\/hoteltimor.com\/wp-content\/uploads\/2023\/02\/hotel-obelisco-entorno-playa-de-palma-768x576.jpg\" \/>\n<meta name=\"twitter:card\" content=\"summary_large_image\" \/>\n<meta name=\"twitter:label1\" content=\"Gesch\u00e4tzte Lesezeit\" \/>\n\t<meta name=\"twitter:data1\" content=\"1\u00a0Minute\" \/>\n<script type=\"application\/ld+json\" class=\"yoast-schema-graph\">{\"@context\":\"https:\\\/\\\/schema.org\",\"@graph\":[{\"@type\":\"WebPage\",\"@id\":\"https:\\\/\\\/hoteltimor.com\\\/entorno\\\/\",\"url\":\"https:\\\/\\\/hoteltimor.com\\\/entorno\\\/\",\"name\":\"Umgebung - Hotel Timor\",\"isPartOf\":{\"@id\":\"https:\\\/\\\/hoteltimor.com\\\/en\\\/#website\"},\"primaryImageOfPage\":{\"@id\":\"https:\\\/\\\/hoteltimor.com\\\/entorno\\\/#primaryimage\"},\"image\":{\"@id\":\"https:\\\/\\\/hoteltimor.com\\\/entorno\\\/#primaryimage\"},\"thumbnailUrl\":\"https:\\\/\\\/hoteltimor.com\\\/wp-content\\\/uploads\\\/2023\\\/02\\\/hotel-obelisco-entorno-playa-de-palma-768x576.jpg\",\"datePublished\":\"2023-02-13T08:02:31+00:00\",\"dateModified\":\"2023-07-12T07:05:49+00:00\",\"breadcrumb\":{\"@id\":\"https:\\\/\\\/hoteltimor.com\\\/entorno\\\/#breadcrumb\"},\"inLanguage\":\"de\",\"potentialAction\":[{\"@type\":\"ReadAction\",\"target\":[\"https:\\\/\\\/hoteltimor.com\\\/entorno\\\/\"]}]},{\"@type\":\"ImageObject\",\"inLanguage\":\"de\",\"@id\":\"https:\\\/\\\/hoteltimor.com\\\/entorno\\\/#primaryimage\",\"url\":\"https:\\\/\\\/hoteltimor.com\\\/wp-content\\\/uploads\\\/2023\\\/02\\\/hotel-obelisco-entorno-playa-de-palma-768x576.jpg\",\"contentUrl\":\"https:\\\/\\\/hoteltimor.com\\\/wp-content\\\/uploads\\\/2023\\\/02\\\/hotel-obelisco-entorno-playa-de-palma-768x576.jpg\"},{\"@type\":\"BreadcrumbList\",\"@id\":\"https:\\\/\\\/hoteltimor.com\\\/entorno\\\/#breadcrumb\",\"itemListElement\":[{\"@type\":\"ListItem\",\"position\":1,\"name\":\"Portada\",\"item\":\"https:\\\/\\\/hoteltimor.com\\\/de\\\/home-2023\\\/\"},{\"@type\":\"ListItem\",\"position\":2,\"name\":\"Umgebung\"}]},{\"@type\":\"WebSite\",\"@id\":\"https:\\\/\\\/hoteltimor.com\\\/en\\\/#website\",\"url\":\"https:\\\/\\\/hoteltimor.com\\\/en\\\/\",\"name\":\"Hotel Timor\",\"description\":\"Hotel situado en Playa de Palma.\",\"publisher\":{\"@id\":\"https:\\\/\\\/hoteltimor.com\\\/en\\\/#organization\"},\"potentialAction\":[{\"@type\":\"SearchAction\",\"target\":{\"@type\":\"EntryPoint\",\"urlTemplate\":\"https:\\\/\\\/hoteltimor.com\\\/en\\\/?s={search_term_string}\"},\"query-input\":{\"@type\":\"PropertyValueSpecification\",\"valueRequired\":true,\"valueName\":\"search_term_string\"}}],\"inLanguage\":\"de\"},{\"@type\":\"Organization\",\"@id\":\"https:\\\/\\\/hoteltimor.com\\\/en\\\/#organization\",\"name\":\"Hotel Timor\",\"url\":\"https:\\\/\\\/hoteltimor.com\\\/en\\\/\",\"logo\":{\"@type\":\"ImageObject\",\"inLanguage\":\"de\",\"@id\":\"https:\\\/\\\/hoteltimor.com\\\/en\\\/#\\\/schema\\\/logo\\\/image\\\/\",\"url\":\"https:\\\/\\\/hoteltimor.com\\\/wp-content\\\/uploads\\\/2023\\\/02\\\/hotel-timor-logo-white.png\",\"contentUrl\":\"https:\\\/\\\/hoteltimor.com\\\/wp-content\\\/uploads\\\/2023\\\/02\\\/hotel-timor-logo-white.png\",\"width\":191,\"height\":38,\"caption\":\"Hotel Timor\"},\"image\":{\"@id\":\"https:\\\/\\\/hoteltimor.com\\\/en\\\/#\\\/schema\\\/logo\\\/image\\\/\"}}]}<\/script>\n<!-- \/ Yoast SEO plugin. -->","yoast_head_json":{"title":"Umgebung - Hotel Timor","robots":{"index":"index","follow":"follow","max-snippet":"max-snippet:-1","max-image-preview":"max-image-preview:large","max-video-preview":"max-video-preview:-1"},"canonical":"https:\/\/hoteltimor.com\/entorno\/","og_locale":"de_DE","og_type":"article","og_title":"Umgebung - Hotel Timor","og_description":"Interessante Orte Strand von Palma Einer der wichtigsten und sch\u00f6nsten Str\u00e4nde von Palma. Der feine Sand und das kristallklare Wasser laden zum Entspannen und Abschalten ein. Sie k\u00f6nnen auch alle Arten von Wassersport betreiben. Kathedrale von Palma Das Juwel der Stadt Palma, bekannt als La Seu, ist 15 km vom Hotel entfernt. Ein architektonisches Juwel [&hellip;]","og_url":"https:\/\/hoteltimor.com\/entorno\/","og_site_name":"Hotel Timor","article_modified_time":"2023-07-12T07:05:49+00:00","og_image":[{"url":"https:\/\/hoteltimor.com\/wp-content\/uploads\/2023\/02\/hotel-obelisco-entorno-playa-de-palma-768x576.jpg","type":"","width":"","height":""}],"twitter_card":"summary_large_image","twitter_misc":{"Gesch\u00e4tzte Lesezeit":"1\u00a0Minute"},"schema":{"@context":"https:\/\/schema.org","@graph":[{"@type":"WebPage","@id":"https:\/\/hoteltimor.com\/entorno\/","url":"https:\/\/hoteltimor.com\/entorno\/","name":"Umgebung - Hotel Timor","isPartOf":{"@id":"https:\/\/hoteltimor.com\/en\/#website"},"primaryImageOfPage":{"@id":"https:\/\/hoteltimor.com\/entorno\/#primaryimage"},"image":{"@id":"https:\/\/hoteltimor.com\/entorno\/#primaryimage"},"thumbnailUrl":"https:\/\/hoteltimor.com\/wp-content\/uploads\/2023\/02\/hotel-obelisco-entorno-playa-de-palma-768x576.jpg","datePublished":"2023-02-13T08:02:31+00:00","dateModified":"2023-07-12T07:05:49+00:00","breadcrumb":{"@id":"https:\/\/hoteltimor.com\/entorno\/#breadcrumb"},"inLanguage":"de","potentialAction":[{"@type":"ReadAction","target":["https:\/\/hoteltimor.com\/entorno\/"]}]},{"@type":"ImageObject","inLanguage":"de","@id":"https:\/\/hoteltimor.com\/entorno\/#primaryimage","url":"https:\/\/hoteltimor.com\/wp-content\/uploads\/2023\/02\/hotel-obelisco-entorno-playa-de-palma-768x576.jpg","contentUrl":"https:\/\/hoteltimor.com\/wp-content\/uploads\/2023\/02\/hotel-obelisco-entorno-playa-de-palma-768x576.jpg"},{"@type":"BreadcrumbList","@id":"https:\/\/hoteltimor.com\/entorno\/#breadcrumb","itemListElement":[{"@type":"ListItem","position":1,"name":"Portada","item":"https:\/\/hoteltimor.com\/de\/home-2023\/"},{"@type":"ListItem","position":2,"name":"Umgebung"}]},{"@type":"WebSite","@id":"https:\/\/hoteltimor.com\/en\/#website","url":"https:\/\/hoteltimor.com\/en\/","name":"Hotel Timor","description":"Hotel situado en Playa de Palma.","publisher":{"@id":"https:\/\/hoteltimor.com\/en\/#organization"},"potentialAction":[{"@type":"SearchAction","target":{"@type":"EntryPoint","urlTemplate":"https:\/\/hoteltimor.com\/en\/?s={search_term_string}"},"query-input":{"@type":"PropertyValueSpecification","valueRequired":true,"valueName":"search_term_string"}}],"inLanguage":"de"},{"@type":"Organization","@id":"https:\/\/hoteltimor.com\/en\/#organization","name":"Hotel Timor","url":"https:\/\/hoteltimor.com\/en\/","logo":{"@type":"ImageObject","inLanguage":"de","@id":"https:\/\/hoteltimor.com\/en\/#\/schema\/logo\/image\/","url":"https:\/\/hoteltimor.com\/wp-content\/uploads\/2023\/02\/hotel-timor-logo-white.png","contentUrl":"https:\/\/hoteltimor.com\/wp-content\/uploads\/2023\/02\/hotel-timor-logo-white.png","width":191,"height":38,"caption":"Hotel Timor"},"image":{"@id":"https:\/\/hoteltimor.com\/en\/#\/schema\/logo\/image\/"}}]}},"_links":{"self":[{"href":"https:\/\/hoteltimor.com\/de\/wp-json\/wp\/v2\/pages\/802","targetHints":{"allow":["GET"]}}],"collection":[{"href":"https:\/\/hoteltimor.com\/de\/wp-json\/wp\/v2\/pages"}],"about":[{"href":"https:\/\/hoteltimor.com\/de\/wp-json\/wp\/v2\/types\/page"}],"author":[{"embeddable":true,"href":"https:\/\/hoteltimor.com\/de\/wp-json\/wp\/v2\/users\/1"}],"replies":[{"embeddable":true,"href":"https:\/\/hoteltimor.com\/de\/wp-json\/wp\/v2\/comments?post=802"}],"version-history":[{"count":4,"href":"https:\/\/hoteltimor.com\/de\/wp-json\/wp\/v2\/pages\/802\/revisions"}],"predecessor-version":[{"id":1230,"href":"https:\/\/hoteltimor.com\/de\/wp-json\/wp\/v2\/pages\/802\/revisions\/1230"}],"wp:attachment":[{"href":"https:\/\/hoteltimor.com\/de\/wp-json\/wp\/v2\/media?parent=802"}],"curies":[{"name":"wp","href":"https:\/\/api.w.org\/{rel}","templated":true}]}}